{"id":1369,"date":"2017-09-20T02:17:25","date_gmt":"2017-09-20T08:17:25","guid":{"rendered":"http:\/\/ericramoslaw.com\/abogado-eric-ramos\/"},"modified":"2025-07-18T05:58:45","modified_gmt":"2025-07-18T11:58:45","slug":"abogado-eric-ramos","status":"publish","type":"page","link":"https:\/\/ericramoslaw.com\/es\/abogado-eric-ramos\/","title":{"rendered":"Acerca de"},"content":{"rendered":"<p>[et_pb_section fb_built=&#8221;1&#8243; fullwidth=&#8221;on&#8221; _builder_version=&#8221;4.16&#8243; global_colors_info=&#8221;{}&#8221;][et_pb_fullwidth_header background_overlay_color=&#8221;rgba(45,22,0,0.5)&#8221; _builder_version=&#8221;4.16&#8243; title_level=&#8221;h3&#8243; title_font=&#8221;||||||||&#8221; background_color=&#8221;rgba(255, 255, 255, 0)&#8221; background_image=&#8221;https:\/\/ericramoslaw.com\/wp-content\/uploads\/2017\/11\/court-house-pillars-header.jpg&#8221; background_layout=&#8221;light&#8221; custom_margin=&#8221;|||&#8221; custom_padding=&#8221;50px||50px|&#8221; global_colors_info=&#8221;{}&#8221; button_one_text_size__hover_enabled=&#8221;off&#8221; button_two_text_size__hover_enabled=&#8221;off&#8221; button_one_text_color__hover_enabled=&#8221;off&#8221; button_two_text_color__hover_enabled=&#8221;off&#8221; button_one_border_width__hover_enabled=&#8221;off&#8221; button_two_border_width__hover_enabled=&#8221;off&#8221; button_one_border_color__hover_enabled=&#8221;off&#8221; button_two_border_color__hover_enabled=&#8221;off&#8221; button_one_border_radius__hover_enabled=&#8221;off&#8221; button_two_border_radius__hover_enabled=&#8221;off&#8221; button_one_letter_spacing__hover_enabled=&#8221;off&#8221; button_two_letter_spacing__hover_enabled=&#8221;off&#8221; button_one_bg_color__hover_enabled=&#8221;off&#8221; button_two_bg_color__hover_enabled=&#8221;off&#8221;][\/et_pb_fullwidth_header][\/et_pb_section][et_pb_section fb_built=&#8221;1&#8243; _builder_version=&#8221;4.16&#8243; custom_padding=&#8221;0px|0px|0px|0px&#8221; global_colors_info=&#8221;{}&#8221;][et_pb_row use_custom_gutter=&#8221;on&#8221; gutter_width=&#8221;1&#8243; admin_label=&#8221;T\u00edtulo H1&#8243; module_class=&#8221; et_pb_row_fullwidth&#8221; _builder_version=&#8221;4.16&#8243; background_color=&#8221;#9d8e83&#8243; width=&#8221;100%&#8221; width_tablet=&#8221;100%&#8221; width_phone=&#8221;&#8221; width_last_edited=&#8221;on|desktop&#8221; max_width=&#8221;100%&#8221; max_width_tablet=&#8221;100%&#8221; max_width_phone=&#8221;&#8221; max_width_last_edited=&#8221;on|desktop&#8221; module_alignment=&#8221;center&#8221; custom_margin=&#8221;|||&#8221; custom_padding=&#8221;25.5938px|0px|14px|0px&#8221; box_shadow_style=&#8221;preset2&#8243; make_fullwidth=&#8221;on&#8221; global_colors_info=&#8221;{}&#8221;][et_pb_column type=&#8221;4_4&#8243; _builder_version=&#8221;4.16&#8243; custom_padding=&#8221;|||&#8221; global_colors_info=&#8221;{}&#8221; custom_padding__hover=&#8221;|||&#8221;][et_pb_text _builder_version=&#8221;4.16&#8243; text_font=&#8221;||||||||&#8221; text_text_color=&#8221;#ffffff&#8221; ul_font=&#8221;||||||||&#8221; header_font=&#8221;||||||||&#8221; header_text_color=&#8221;#ffffff&#8221; header_font_size=&#8221;42px&#8221; header_line_height=&#8221;0.5em&#8221; header_2_font=&#8221;||||||||&#8221; header_3_font=&#8221;||||||||&#8221; header_5_font=&#8221;||||||||&#8221; text_orientation=&#8221;center&#8221; module_alignment=&#8221;center&#8221; custom_margin=&#8221;|||&#8221; custom_padding=&#8221;|||&#8221; header_font_size_tablet=&#8221;&#8221; header_font_size_phone=&#8221;28px&#8221; header_font_size_last_edited=&#8221;on|phone&#8221; global_colors_info=&#8221;{}&#8221;]<\/p>\n<h1>Abogado Eric Ramos<\/h1>\n<p>[\/et_pb_text][\/et_pb_column][\/et_pb_row][et_pb_row column_structure=&#8221;1_3,2_3&#8243; _builder_version=&#8221;4.16&#8243; custom_padding=&#8221;60px|0px|0px|0px&#8221; global_colors_info=&#8221;{}&#8221;][et_pb_column type=&#8221;1_3&#8243; _builder_version=&#8221;4.16&#8243; custom_padding=&#8221;|||&#8221; global_colors_info=&#8221;{}&#8221; custom_padding__hover=&#8221;|||&#8221;][et_pb_image src=&#8221;https:\/\/ericramoslaw.com\/wp-content\/uploads\/2017\/12\/Attorney-Eric-Ramos.jpg&#8221; align=&#8221;center&#8221; align_tablet=&#8221;center&#8221; align_phone=&#8221;&#8221; align_last_edited=&#8221;on|desktop&#8221; _builder_version=&#8221;4.16&#8243; border_width_all=&#8221;2px&#8221; border_color_all=&#8221;#9B8E84&#8243; global_colors_info=&#8221;{}&#8221;][\/et_pb_image][et_pb_text _builder_version=&#8221;4.16&#8243; text_font=&#8221;||||||||&#8221; text_font_size=&#8221;26px&#8221; custom_margin=&#8221;-10px||5px|&#8221; custom_padding=&#8221;||10px|&#8221; global_colors_info=&#8221;{}&#8221;]<\/p>\n<p style=\"text-align: center;\">Abogado Eric Ramos<\/p>\n<p>[\/et_pb_text][et_pb_social_media_follow url_new_window=&#8221;off&#8221; _builder_version=&#8221;4.16&#8243; text_orientation=&#8221;center&#8221; saved_tabs=&#8221;all&#8221; global_colors_info=&#8221;{}&#8221;][et_pb_social_media_follow_network social_network=&#8221;facebook&#8221; url=&#8221;https:\/\/www.facebook.com\/ericramoslaw&#8221; _builder_version=&#8221;4.16&#8243; background_color=&#8221;#3b5998&#8243; global_colors_info=&#8221;{}&#8221; follow_button=&#8221;off&#8221; url_new_window=&#8221;off&#8221;]facebook[\/et_pb_social_media_follow_network][et_pb_social_media_follow_network social_network=&#8221;twitter&#8221; url=&#8221;https:\/\/twitter.com\/ericramoslaw&#8221; _builder_version=&#8221;4.22.2&#8243; background_color=&#8221;#000000&#8243; global_colors_info=&#8221;{}&#8221; follow_button=&#8221;off&#8221; url_new_window=&#8221;off&#8221;]twitter[\/et_pb_social_media_follow_network][et_pb_social_media_follow_network social_network=&#8221;google-plus&#8221; url=&#8221;https:\/\/www.google.com\/maps?cid=5348009224022455255&#8243; _builder_version=&#8221;4.16&#8243; background_color=&#8221;#dd4b39&#8243; global_colors_info=&#8221;{}&#8221; follow_button=&#8221;off&#8221; url_new_window=&#8221;off&#8221;]google-plus[\/et_pb_social_media_follow_network][et_pb_social_media_follow_network social_network=&#8221;linkedin&#8221; url=&#8221;http:\/\/www.linkedin.com\/in\/ericramoslaw&#8221; _builder_version=&#8221;4.16&#8243; background_color=&#8221;#007bb6&#8243; global_colors_info=&#8221;{}&#8221; follow_button=&#8221;off&#8221; url_new_window=&#8221;off&#8221;]linkedin[\/et_pb_social_media_follow_network][\/et_pb_social_media_follow][et_pb_text _builder_version=&#8221;4.16&#8243; text_font=&#8221;||||||||&#8221; text_font_size=&#8221;26px&#8221; custom_margin=&#8221;30px|||&#8221; global_colors_info=&#8221;{}&#8221;]<\/p>\n<p style=\"text-align: center;\"><strong><span style=\"text-decoration: underline;\">Afiliaciones<\/span><\/strong><\/p>\n<p>[\/et_pb_text][et_pb_image src=&#8221;https:\/\/ericramoslaw.com\/wp-content\/uploads\/2017\/12\/sbot.png&#8221; url=&#8221;https:\/\/www.texasbar.com\/AM\/Template.cfm?Section=Find_A_Lawyer&amp;template=\/Customsource\/MemberDirectory\/MemberDirectoryDetail.cfm&amp;ContactID=347981&#8243; url_new_window=&#8221;on&#8221; align_tablet=&#8221;center&#8221; align_phone=&#8221;&#8221; align_last_edited=&#8221;on|desktop&#8221; _builder_version=&#8221;4.16&#8243; max_width=&#8221;51%&#8221; module_alignment=&#8221;center&#8221; custom_margin=&#8221;30px|||&#8221; border_color_all=&#8221;#9B8E84&#8243; global_colors_info=&#8221;{}&#8221;][\/et_pb_image][et_pb_image src=&#8221;https:\/\/ericramoslaw.com\/wp-content\/uploads\/2017\/12\/SATLA-Logo-min.jpg&#8221; url=&#8221;https:\/\/www.satla.com\/index.cfm&#8221; url_new_window=&#8221;on&#8221; align=&#8221;center&#8221; align_tablet=&#8221;center&#8221; align_phone=&#8221;&#8221; align_last_edited=&#8221;on|desktop&#8221; _builder_version=&#8221;4.16&#8243; border_color_all=&#8221;#9B8E84&#8243; global_colors_info=&#8221;{}&#8221;][\/et_pb_image][et_pb_image src=&#8221;https:\/\/ericramoslaw.com\/wp-content\/uploads\/2017\/12\/ABA-Logo.png&#8221; url=&#8221;https:\/\/www.americanbar.org\/&#8221; url_new_window=&#8221;on&#8221; align=&#8221;center&#8221; align_tablet=&#8221;center&#8221; align_phone=&#8221;&#8221; align_last_edited=&#8221;on|desktop&#8221; _builder_version=&#8221;4.16&#8243; custom_margin=&#8221;30px|||&#8221; border_color_all=&#8221;#9B8E84&#8243; global_colors_info=&#8221;{}&#8221;][\/et_pb_image][\/et_pb_column][et_pb_column type=&#8221;2_3&#8243; _builder_version=&#8221;4.16&#8243; custom_padding=&#8221;|||&#8221; global_colors_info=&#8221;{}&#8221; custom_padding__hover=&#8221;|||&#8221;][et_pb_text _builder_version=&#8221;4.16&#8243; global_colors_info=&#8221;{}&#8221;]<\/p>\n<p><span style=\"font-size: x-large;\"><strong>Formaci\u00f3n y Educaci\u00f3n | <a href=\"#QA\">Conozca a Eric \u21d3<\/a><\/strong><\/span><\/p>\n<p>Eric Alexander Ramos es oriundo de San Antonio y abogado local especializado en lesiones personales. Tras graduarse de la Escuela Secundaria Antonian, Eric asisti\u00f3 a la <a href=\"https:\/\/www.tamu.edu\/\" target=\"_blank\" rel=\"noopener noreferrer\">Texas A&amp;M University<\/a> en College Station, donde obtuvo una Licenciatura en Ciencias en Distribuci\u00f3n Industrial de la Facultad de Ingenier\u00eda Dwight Look. Despu\u00e9s de su graduaci\u00f3n, Eric y su buen amigo Joe fundaron una empresa de personal m\u00e9dico. Tras recibir su primer contrato para dotar de personal m\u00e9dico a las instalaciones de tratamiento militar, la empresa expandi\u00f3 su alcance local y proporcion\u00f3 empleos que abarcaban desde m\u00e9dicos hasta personal de apoyo m\u00e9dico aqu\u00ed mismo en San Antonio. Aunque su carrera lo manten\u00eda ocupado, Eric no pudo ignorar su sue\u00f1o de toda la vida de defender los derechos de los dem\u00e1s a trav\u00e9s del ejercicio del derecho.    <\/p>\n<p>Siguiendo su pasi\u00f3n, Eric solicit\u00f3 y fue aceptado en la Facultad de Derecho de St. Mary&#8217;s. Durante su primer a\u00f1o, fue uno de los pocos estudiantes de derecho invitados a unirse a la prestigiosa revista St. Mary&#8217;s Law Journal como redactor. A lo largo de su carrera en la facultad de derecho, Eric figur\u00f3 en la Lista del Decano en m\u00faltiples ocasiones, se convirti\u00f3 en miembro de la sociedad de honor legal Phi Delta Phi, y al graduarse <em>Cum<\/em> <em>Laude<\/em>,   <em> <\/em>fue admitido en la Sociedad de Honor Legal John M. Harlan, un honor reservado para el 10% superior de la clase graduada.<\/p>\n<p>Cuando Eric no est\u00e1 enfocado en la representaci\u00f3n de clientes, se apasiona por el voluntariado. Comenz\u00f3 en la escuela secundaria, donde inici\u00f3 y dirigi\u00f3 organizaciones de voluntariado a nivel escolar. A lo largo de su carrera en la facultad de derecho y su carrera legal, ha sido voluntario en m\u00faltiples eventos de servicio comunitario legal relacionados con inmigraci\u00f3n, asuntos de veteranos y ayuda en desastres.  <\/p>\n<p>Fuera de la oficina es donde Eric encuentra su mayor alegr\u00eda en la vida: criando a su hijo Carter con su esposa Chelsea y el hermano mayor y peludo de Carter, Remington, el Golden Doodle.<\/p>\n<p>&nbsp;<\/p>\n<p>[\/et_pb_text][\/et_pb_column][\/et_pb_row][et_pb_row use_custom_gutter=&#8221;on&#8221; gutter_width=&#8221;1&#8243; module_id=&#8221;QA&#8221; module_class=&#8221; et_pb_row_fullwidth&#8221; _builder_version=&#8221;4.16&#8243; background_color=&#8221;#F5F2EE&#8221; width=&#8221;100%&#8221; width_tablet=&#8221;100%&#8221; width_phone=&#8221;&#8221; width_last_edited=&#8221;on|desktop&#8221; max_width=&#8221;100%&#8221; max_width_tablet=&#8221;100%&#8221; max_width_phone=&#8221;&#8221; max_width_last_edited=&#8221;on|desktop&#8221; custom_margin=&#8221;60px|||&#8221; custom_padding=&#8221;|100px|60px|100px&#8221; make_fullwidth=&#8221;on&#8221; global_colors_info=&#8221;{}&#8221;][et_pb_column type=&#8221;4_4&#8243; _builder_version=&#8221;4.16&#8243; custom_padding=&#8221;|||&#8221; global_colors_info=&#8221;{}&#8221; custom_padding__hover=&#8221;|||&#8221;][et_pb_text _builder_version=&#8221;4.16&#8243; global_colors_info=&#8221;{}&#8221;]<\/p>\n<p><span style=\"font-size: xx-large;\"><b>Conozca a Eric &#8211; Preguntas y Respuestas <\/b><\/span><\/p>\n<p><span style=\"font-size: x-large;\"><b>P: \u00bfQu\u00e9 le motiva a proporcionar un nivel tan alto de servicio a sus clientes?<\/b><\/span><\/p>\n<p>\u201cS\u00e9 lo que es perder a un ser querido en un accidente automovil\u00edstico. Perder a un familiar o sufrir una lesi\u00f3n grave introduce un nivel de caos en su vida para el que nunca se puede estar preparado. Intento hacer todo lo necesario para que mis clientes puedan cuidar de s\u00ed mismos y de sus familias sin tener que preocuparse por las implicaciones legales de su tragedia. En mi oficina, nos enorgullecemos de ofrecer una atenci\u00f3n compasiva e integral; para los clientes lesionados, organizaremos el transporte, el tratamiento m\u00e9dico, las citas fuera del horario de atenci\u00f3n y cualquier otra cosa que nuestros clientes puedan necesitar.\u201d<\/p>\n<p><span style=\"font-size: x-large;\"><strong> P: \u00bfQu\u00e9 le distingue de otros abogados?<\/strong><\/span><\/p>\n<p>&#8220;Me han dicho que tengo una tenacidad poco com\u00fan. Algunos buenos amigos que hice en el mundo de los negocios me llaman &#8220;joven con prisa&#8221;. Con eso, quieren decir que cuando centro mi atenci\u00f3n en algo, realmente me aferro a ello y no lo suelto. Deseo excelentes resultados en todo lo que hago, y quiero lograr resultados positivos sin demora. Cuando alguien me conf\u00eda su representaci\u00f3n en la pr\u00e1ctica del derecho, no me lo tomo a la ligera. Trabajo sin descanso y me esfuerzo por la perfecci\u00f3n. Quiero que mis clientes est\u00e9n orgullosos de llamarme su abogado.<\/p>\n<p>Adem\u00e1s, solo ejerzo el derecho de lesiones personales del lado de los demandantes. Tambi\u00e9n estoy dispuesto y preparado para ir a los tribunales en cualquier momento para argumentar mociones, defender mociones o llevar un caso a juicio. Aunque la gente com\u00fanmente asume que los abogados viven en los tribunales como vemos en la televisi\u00f3n, en realidad, solo un peque\u00f1o porcentaje de abogados pisa alguna vez la sala del tribunal.&#8221;  <\/p>\n<p><span style=\"font-size: x-large;\"><strong>P: \u00bfCu\u00e1l es el mejor consejo que dar\u00eda a alguien que necesita ayuda legal?<\/strong><\/span><\/p>\n<p>\u201cEso depende de la situaci\u00f3n. Antes de poder ofrecer cualquier consejo, necesito escuchar. Es importante conocer a la persona y o\u00edr su historia. Deseo saber qu\u00e9 resultados buscan mis clientes, adem\u00e1s de obtener una compensaci\u00f3n. Si tuviera que aconsejar a alguien sobre la selecci\u00f3n de un abogado, le dir\u00eda que se tome el tiempo necesario para encontrar un profesional legal que se ajuste adecuadamente a usted y a su asunto jur\u00eddico. No siempre es lo m\u00e1s conveniente optar por el primer abogado con el que se hable o aquel que se ve en la televisi\u00f3n. Encuentre a alguien con quien se sienta c\u00f3modo y en quien conf\u00ede, que no solo est\u00e9 dispuesto, sino tambi\u00e9n ansioso por luchar por usted.\u201d<\/p>\n<p>[\/et_pb_text][\/et_pb_column][\/et_pb_row][\/et_pb_section][et_pb_section fb_built=&#8221;1&#8243; _builder_version=&#8221;4.16&#8243; custom_padding=&#8221;0px|0px|0px|0px&#8221; global_colors_info=&#8221;{}&#8221;][et_pb_row use_custom_gutter=&#8221;on&#8221; gutter_width=&#8221;1&#8243; admin_label=&#8221;T\u00edtulo H1&#8243; module_class=&#8221; et_pb_row_fullwidth&#8221; _builder_version=&#8221;4.16&#8243; background_color=&#8221;#9d8e83&#8243; width=&#8221;100%&#8221; width_tablet=&#8221;100%&#8221; width_phone=&#8221;&#8221; width_last_edited=&#8221;on|desktop&#8221; max_width=&#8221;100%&#8221; max_width_tablet=&#8221;100%&#8221; max_width_phone=&#8221;&#8221; max_width_last_edited=&#8221;on|desktop&#8221; module_alignment=&#8221;center&#8221; custom_margin=&#8221;|||&#8221; custom_padding=&#8221;25.5938px|0px|14px|0px&#8221; box_shadow_style=&#8221;preset2&#8243; make_fullwidth=&#8221;on&#8221; global_colors_info=&#8221;{}&#8221;][et_pb_column type=&#8221;4_4&#8243; _builder_version=&#8221;4.16&#8243; custom_padding=&#8221;|||&#8221; global_colors_info=&#8221;{}&#8221; custom_padding__hover=&#8221;|||&#8221;][et_pb_text _builder_version=&#8221;4.16&#8243; text_font=&#8221;||||||||&#8221; text_text_color=&#8221;#ffffff&#8221; ul_font=&#8221;||||||||&#8221; header_font=&#8221;Droid Serif||||||||&#8221; header_text_color=&#8221;#ffffff&#8221; header_font_size=&#8221;42px&#8221; header_line_height=&#8221;0.5em&#8221; header_2_font=&#8221;||||||||&#8221; header_3_font=&#8221;||||||||&#8221; header_5_font=&#8221;||||||||&#8221; text_orientation=&#8221;center&#8221; module_alignment=&#8221;center&#8221; custom_margin=&#8221;|||&#8221; custom_padding=&#8221;|||&#8221; header_font_size_tablet=&#8221;&#8221; header_font_size_phone=&#8221;28px&#8221; header_font_size_last_edited=&#8221;on|phone&#8221; global_colors_info=&#8221;{}&#8221;]<\/p>\n<h2>Reconocimientos<\/h2>\n<p>[\/et_pb_text][\/et_pb_column][\/et_pb_row][et_pb_row _builder_version=&#8221;4.16&#8243; custom_padding=&#8221;60px|0px|0px|0px&#8221; global_colors_info=&#8221;{}&#8221;][et_pb_column type=&#8221;4_4&#8243; _builder_version=&#8221;4.16&#8243; custom_padding=&#8221;|||&#8221; global_colors_info=&#8221;{}&#8221; custom_padding__hover=&#8221;|||&#8221;][et_pb_text _builder_version=&#8221;4.16&#8243; global_colors_info=&#8221;{}&#8221;]<\/p>\n<table class=\"table table-borderless table-striped table-responsive-cards u-margin-bottom-0\" style=\"float: left;\">\n<thead>\n<tr>\n<th style=\"text-align: left;\">\n<p><strong>Nombre del reconocimiento<\/strong><\/p>\n<\/th>\n<th style=\"text-align: left;\">\n<p><strong>Otorgante<\/strong><\/p>\n<\/th>\n<th style=\"text-align: left;\">\n<p><strong>Fecha de concesi\u00f3n<\/strong><\/p>\n<\/th>\n<\/tr>\n<\/thead>\n<tbody>\n<tr>\n<th class=\"resumeCol1\" scope=\"row\">Miembro Vitalicio por Alto Rendimiento en el Estudio del Derecho<\/th>\n<td class=\"resumeCol1\" data-title=\"Grantor\">La Sociedad John M. Harlan de la Facultad de Derecho de la Universidad de St. Mary<\/td>\n<td class=\"resumeCol2\" data-title=\"Date granted\">2017<\/td>\n<\/tr>\n<tr>\n<th class=\"resumeCol1\" scope=\"row\" style=\"text-align: left;\">Membres\u00eda<\/th>\n<td class=\"resumeCol1\" data-title=\"Grantor\">Sociedad Honor\u00edfica Legal Phi Delta Phi<\/td>\n<td class=\"resumeCol2\" data-title=\"Date granted\">2014<\/td>\n<\/tr>\n<\/tbody>\n<\/table>\n<p>[\/et_pb_text][\/et_pb_column][\/et_pb_row][\/et_pb_section]<\/p>\n","protected":false},"excerpt":{"rendered":"<p>Abogado Eric Ramos Abogado Eric Ramos Afiliaciones Formaci\u00f3n y Educaci\u00f3n | Conozca a Eric \u21d3 Eric Alexander Ramos es oriundo de San Antonio y abogado local especializado en lesiones personales. Tras graduarse de la Escuela Secundaria Antonian, Eric asisti\u00f3 a la Texas A&amp;M University en College Station, donde obtuvo una Licenciatura en Ciencias en Distribuci\u00f3n [&hellip;]<\/p>\n","protected":false},"author":7,"featured_media":0,"parent":0,"menu_order":0,"comment_status":"closed","ping_status":"closed","template":"","meta":{"_seopress_robots_primary_cat":"","_seopress_titles_title":"Perfil del Abogado Eric A. Ramos | Eric Ramos Law, PLLC","_seopress_titles_desc":"Obtenga m\u00e1s informaci\u00f3n sobre el abogado Eric Ramos - Su abogado de lesiones en San Antonio.","_seopress_robots_index":"","_et_pb_use_builder":"on","_et_pb_old_content":"","_et_gb_content_width":"","footnotes":""},"class_list":["post-1369","page","type-page","status-publish"],"_links":{"self":[{"href":"https:\/\/ericramoslaw.com\/es\/wp-json\/wp\/v2\/pages\/1369","targetHints":{"allow":["GET"]}}],"collection":[{"href":"https:\/\/ericramoslaw.com\/es\/wp-json\/wp\/v2\/pages"}],"about":[{"href":"https:\/\/ericramoslaw.com\/es\/wp-json\/wp\/v2\/types\/page"}],"author":[{"embeddable":true,"href":"https:\/\/ericramoslaw.com\/es\/wp-json\/wp\/v2\/users\/7"}],"replies":[{"embeddable":true,"href":"https:\/\/ericramoslaw.com\/es\/wp-json\/wp\/v2\/comments?post=1369"}],"version-history":[{"count":0,"href":"https:\/\/ericramoslaw.com\/es\/wp-json\/wp\/v2\/pages\/1369\/revisions"}],"wp:attachment":[{"href":"https:\/\/ericramoslaw.com\/es\/wp-json\/wp\/v2\/media?parent=1369"}],"curies":[{"name":"wp","href":"https:\/\/api.w.org\/{rel}","templated":true}]}}