{"id":28138,"date":"2017-11-18T16:35:20","date_gmt":"2017-11-18T22:35:20","guid":{"rendered":"https:\/\/ericramoslaw.com\/privacy-policy\/"},"modified":"2025-10-20T03:30:03","modified_gmt":"2025-10-20T09:30:03","slug":"politica-de-privacidad","status":"publish","type":"page","link":"https:\/\/ericramoslaw.com\/es\/politica-de-privacidad\/","title":{"rendered":"Pol\u00edtica de Privacidad"},"content":{"rendered":"<p>[et_pb_section fb_built=&#8221;1&#8243; fullwidth=&#8221;on&#8221; _builder_version=&#8221;4.16&#8243; global_colors_info=&#8221;{}&#8221;][et_pb_fullwidth_header background_overlay_color=&#8221;rgba(45,22,0,0.5)&#8221; _builder_version=&#8221;4.16&#8243; title_level=&#8221;h3&#8243; title_font=&#8221;||||||||&#8221; background_color=&#8221;rgba(255, 255, 255, 0)&#8221; background_image=&#8221;https:\/\/ericramoslaw.com\/wp-content\/uploads\/2017\/11\/court-house-pillars-header.jpg&#8221; background_layout=&#8221;light&#8221; custom_margin=&#8221;|||&#8221; custom_padding=&#8221;50px||50px|&#8221; global_colors_info=&#8221;{}&#8221; button_one_text_size__hover_enabled=&#8221;off&#8221; button_two_text_size__hover_enabled=&#8221;off&#8221; button_one_text_color__hover_enabled=&#8221;off&#8221; button_two_text_color__hover_enabled=&#8221;off&#8221; button_one_border_width__hover_enabled=&#8221;off&#8221; button_two_border_width__hover_enabled=&#8221;off&#8221; button_one_border_color__hover_enabled=&#8221;off&#8221; button_two_border_color__hover_enabled=&#8221;off&#8221; button_one_border_radius__hover_enabled=&#8221;off&#8221; button_two_border_radius__hover_enabled=&#8221;off&#8221; button_one_letter_spacing__hover_enabled=&#8221;off&#8221; button_two_letter_spacing__hover_enabled=&#8221;off&#8221; button_one_bg_color__hover_enabled=&#8221;off&#8221; button_two_bg_color__hover_enabled=&#8221;off&#8221;][\/et_pb_fullwidth_header][\/et_pb_section][et_pb_section fb_built=&#8221;1&#8243; _builder_version=&#8221;4.16&#8243; custom_padding=&#8221;0px|0px|0px|0px&#8221; global_colors_info=&#8221;{}&#8221;][et_pb_row use_custom_gutter=&#8221;on&#8221; gutter_width=&#8221;1&#8243; admin_label=&#8221;T\u00edtulo H1&#8243; module_class=&#8221; et_pb_row_fullwidth&#8221; _builder_version=&#8221;4.16&#8243; background_color=&#8221;#9d8e83&#8243; width=&#8221;100%&#8221; width_tablet=&#8221;100%&#8221; width_phone=&#8221;&#8221; width_last_edited=&#8221;on|desktop&#8221; max_width=&#8221;100%&#8221; max_width_tablet=&#8221;100%&#8221; max_width_phone=&#8221;&#8221; max_width_last_edited=&#8221;on|desktop&#8221; module_alignment=&#8221;center&#8221; custom_margin=&#8221;|||&#8221; custom_padding=&#8221;25.5938px|0px|14px|0px&#8221; box_shadow_style=&#8221;preset2&#8243; make_fullwidth=&#8221;on&#8221; global_colors_info=&#8221;{}&#8221;][et_pb_column type=&#8221;4_4&#8243; _builder_version=&#8221;4.16&#8243; custom_padding=&#8221;|||&#8221; global_colors_info=&#8221;{}&#8221; custom_padding__hover=&#8221;|||&#8221;][et_pb_text _builder_version=&#8221;4.16&#8243; text_font=&#8221;||||||||&#8221; text_text_color=&#8221;#ffffff&#8221; ul_font=&#8221;||||||||&#8221; header_font=&#8221;||||||||&#8221; header_text_color=&#8221;#ffffff&#8221; header_font_size=&#8221;42px&#8221; header_line_height=&#8221;0.5em&#8221; header_2_font=&#8221;||||||||&#8221; header_3_font=&#8221;||||||||&#8221; header_5_font=&#8221;||||||||&#8221; text_orientation=&#8221;center&#8221; module_alignment=&#8221;center&#8221; custom_margin=&#8221;|||&#8221; custom_padding=&#8221;|||&#8221; global_colors_info=&#8221;{}&#8221;]<\/p>\n<h1>Pol\u00edtica de Privacidad<\/h1>\n<p>[\/et_pb_text][\/et_pb_column][\/et_pb_row][et_pb_row _builder_version=&#8221;4.16&#8243; custom_padding=&#8221;60px|0px|27px|0px&#8221; global_colors_info=&#8221;{}&#8221;][et_pb_column type=&#8221;4_4&#8243; _builder_version=&#8221;4.16&#8243; custom_padding=&#8221;|||&#8221; global_colors_info=&#8221;{}&#8221; custom_padding__hover=&#8221;|||&#8221;][et_pb_text _builder_version=&#8221;4.16&#8243; global_colors_info=&#8221;{}&#8221;]ericramoslaw.com est\u00e1 comprometido a proteger cualquier informaci\u00f3n personal que usted nos proporcione. En particular, consideramos importante que usted sepa c\u00f3mo tratamos la informaci\u00f3n sobre usted que podamos recibir de este sitio web. <\/p>\n<h2>INFORMACI\u00d3N RECOPILADA<\/h2>\n<p>En general, usted puede visitar este sitio web sin indicarnos qui\u00e9n es o revelar informaci\u00f3n sobre usted mismo. Nuestros servidores web recopilan los nombres de dominio, no las direcciones de correo electr\u00f3nico, de los visitantes. Nuestros servidores web tambi\u00e9n intentan (como lo hacen muchos sitios web) colocar una cookie (un peque\u00f1o archivo de datos) en el disco duro de su ordenador, lo que permite al servidor identificar el ordenador cuando vuelve a visitarlo para rastrear informaci\u00f3n estad\u00edstica sobre la navegaci\u00f3n a y a trav\u00e9s de ciertas \u00e1reas de nuestro sitio y a promociones en otros sitios. Esta cookie no se utiliza para obtener su nombre o cualquier dato personal. La informaci\u00f3n que se rastrea se utiliza \u00fanicamente para fines internos, como mejorar la navegaci\u00f3n del sitio y medir la eficacia de nuestras ubicaciones promocionales. No se comparte con nadie m\u00e1s que con los afiliados y contratistas de ericramoslaw.com que asisten a ericramoslaw.com en estos esfuerzos y que est\u00e1n obligados a mantener la confidencialidad. Sin embargo, si prefiere no aceptar cookies, puede configurar su navegador para rechazarlas o para que le avise antes de que se coloque una.      <\/p>\n<p>Adem\u00e1s, hay partes de este sitio web donde es posible que necesitemos recopilar informaci\u00f3n personal de usted para un prop\u00f3sito espec\u00edfico, como proporcionarle cierta informaci\u00f3n que solicite. La informaci\u00f3n recopilada de usted puede incluir su nombre, direcci\u00f3n, tel\u00e9fono, n\u00famero de fax o direcci\u00f3n de correo electr\u00f3nico. <\/p>\n<p>Utilizamos una tecnolog\u00eda de terceros para colocar nuestros anuncios en otros sitios web. Esta tecnolog\u00eda instalar\u00e1 un peque\u00f1o archivo cookie en su ordenador cuando vea nuestro anuncio. Estas cookies no contendr\u00e1n ninguna informaci\u00f3n que le identifique personalmente (como su nombre o direcci\u00f3n de correo electr\u00f3nico), pero contendr\u00e1n un n\u00famero generado aleatoriamente que es \u00fanico para su navegador y puede ser reconocido por un Web beacon (archivo GIF transparente) en nuestro sitio si hace clic en uno de nuestros anuncios para llegar a nuestro sitio. Esto nos permite realizar un seguimiento de cu\u00e1ntos visitantes \u00fanicos tenemos en nuestro sitio y desde qu\u00e9 anuncios entraron, para que podamos medir la eficacia de nuestros anuncios y ubicaciones de anuncios. Las pol\u00edticas de privacidad de los sitios web en los que anunciamos, y a trav\u00e9s de los cuales se instalan las cookies, deber\u00edan informarle sobre la cookie, y usted puede, por supuesto, configurar su navegador para rechazar cookies. Para obtener m\u00e1s informaci\u00f3n sobre la tecnolog\u00eda de publicidad de terceros que utilizamos, las cookies y c\u00f3mo opt-out, por favor env\u00edenos un correo electr\u00f3nico.     <\/p>\n<p>Este sitio web no est\u00e1 destinado a personas menores de 13 a\u00f1os. No solicitamos ni recopilamos a sabiendas informaci\u00f3n personal de o sobre ni\u00f1os, y no comercializamos nuestros productos o servicios a ni\u00f1os. <\/p>\n<h2>USO DE LA INFORMACI\u00d3N RECOPILADA<\/h2>\n<p>Al enviar un formulario de solicitud en cualquiera de las propiedades web o ofertas en l\u00ednea de ericramoslaw.com, autorizo a ericramoslaw.com o a sus afiliados a contactarme por tel\u00e9fono y\/o correo electr\u00f3nico con respecto a esta oferta y cualquier nueva oferta disponible en el futuro.<\/p>\n<p>La informaci\u00f3n del nombre de dominio que recopilamos no se utiliza para identificarle personalmente y, en su lugar, se agrega para medir el n\u00famero de visitas, el tiempo promedio pasado en el sitio, las p\u00e1ginas vistas, etc. Utilizamos esta informaci\u00f3n para medir el uso de nuestro sitio y para mejorar el contenido de nuestro sitio. <\/p>\n<p>Cuando recopilamos otra informaci\u00f3n de usted, como su nombre y direcci\u00f3n de correo electr\u00f3nico, generalmente le informamos en el momento de la recopilaci\u00f3n c\u00f3mo utilizaremos la informaci\u00f3n personal. Usualmente, utilizamos la informaci\u00f3n personal que proporciona solo para responder a su consulta o para procesar su solicitud (como recibir informaci\u00f3n sobre nuestros servicios). Esta informaci\u00f3n puede compartirse con otros negocios de ericramoslaw.com, pero solo si es necesario para cumplir con su solicitud o para fines relacionados.  <\/p>\n<p>Es posible que compartamos la informaci\u00f3n personal que usted proporciona con otras empresas o afiliados. Estas compa\u00f1\u00edas est\u00e1n contractualmente obligadas a utilizar la informaci\u00f3n personal que compartimos con ellas \u00fanicamente para prestar los servicios que les hemos contratado. No compartimos, vendemos ni arrendamos informaci\u00f3n personal sobre usted a terceros externos para su uso comercial. Divulgaremos informaci\u00f3n sobre usted si usted nos lo indica, si la ley nos obliga a hacerlo, o en otras circunstancias legalmente limitadas (por ejemplo, para proteger su cuenta contra fraudes).   <\/p>\n<p>Si se registra en una de las unidades de negocio de ericramoslaw.com en l\u00ednea, es posible que utilicen esta informaci\u00f3n para proporcionarle informaci\u00f3n personalizada sobre las ofertas de ericramoslaw.com en apoyo de sus necesidades comerciales. Tambi\u00e9n pueden intentar colocar una \u201ccookie\u201d (peque\u00f1o archivo de datos) como se ha mencionado anteriormente con el fin de proporcionarle informaci\u00f3n personalizada. Debe revisar la pol\u00edtica de privacidad asociada con el \u201csitio web\u201d de esa unidad de negocio de ericramoslaw.com para obtener m\u00e1s informaci\u00f3n sobre las pr\u00e1cticas de privacidad de dicha unidad de negocio de ericramoslaw.com.  <\/p>\n<h2>INFORMACI\u00d3N DE LLAMADAS TELEF\u00d3NICAS<\/h2>\n<p>Si usted llama a un n\u00famero de tel\u00e9fono que figura en nuestro sitio web, es posible que recopilemos Informaci\u00f3n Personal sobre usted, incluyendo su nombre y n\u00famero de tel\u00e9fono, mediante la identificaci\u00f3n de llamadas y la tecnolog\u00eda de llamada inversa. Tambi\u00e9n podemos grabar la conversaci\u00f3n telef\u00f3nica. Grabamos la conversaci\u00f3n telef\u00f3nica para realizar un seguimiento del rendimiento de nuestros anuncios y con fines de control de calidad. No grabamos las llamadas con el prop\u00f3sito de recopilar su Informaci\u00f3n Personal. Si grabamos la conversaci\u00f3n telef\u00f3nica, se lo notificaremos antes de que comience la conversaci\u00f3n. Adem\u00e1s de ericramoslaw.com, las \u00fanicas partes que tienen acceso a la grabaci\u00f3n son el proveedor de servicios telef\u00f3nicos y los contratistas y afiliados de ericramoslaw.com que asisten estrictamente en los esfuerzos descritos en este p\u00e1rrafo, y que est\u00e1n obligados por la confidencialidad.     <\/p>\n<p>Al proporcionar mi informaci\u00f3n de contacto y n\u00famero de tel\u00e9fono, autorizo expresamente a ericramoslaw.com o a sus afiliados a ponerse en contacto conmigo en el n\u00famero de tel\u00e9fono que he proporcionado y\/o en la direcci\u00f3n de correo electr\u00f3nico que he proporcionado, aunque anteriormente haya optado por que el n\u00famero de tel\u00e9fono que proporcion\u00e9 o la direcci\u00f3n de correo electr\u00f3nico que proporcion\u00e9 se a\u00f1adiera a cualquier Lista de No Llamar o lista antispam, incluidas las listas mantenidas por ericramoslaw.com o sus afiliados o cualquier agencia gubernamental local, estatal o federal. Adem\u00e1s, reconozco que al enviar esta solicitud, ericramoslaw.com o sus afiliados tienen mi permiso para ponerse en contacto conmigo por tel\u00e9fono y\/o correo electr\u00f3nico. <\/p>\n<h2>ENLACES A OTROS SITIOS<\/h2>\n<p>El sitio web de ericramoslaw.com puede contener enlaces a otros sitios. Aunque intentamos enlazar \u00fanicamente a sitios que comparten nuestros altos est\u00e1ndares y respeto por la privacidad, no somos responsables del contenido, la seguridad o las pr\u00e1cticas de privacidad empleadas por otros sitios. <\/p>\n<h2>SEGURIDAD DE LA INFORMACI\u00d3N RECOPILADA<\/h2>\n<p>Mantenemos estrictas salvaguardias f\u00edsicas, electr\u00f3nicas y administrativas para proteger su informaci\u00f3n personal de accesos no autorizados o inapropiados. Restringimos el acceso a la informaci\u00f3n sobre usted a aquellos trabajadores de ericramoslaw.com que necesitan conocer la informaci\u00f3n para responder a su consulta o solicitud. Los trabajadores que hagan un uso indebido de la informaci\u00f3n personal estar\u00e1n sujetos a medidas disciplinarias.  <\/p>\n<h2>C\u00d3MO CONTACTARNOS<\/h2>\n<p>Si tiene alguna pregunta sobre esta pol\u00edtica de privacidad, por favor env\u00edenos un correo electr\u00f3nico. Agradecemos sus preguntas y sugerencias sobre nuestra pol\u00edtica de privacidad. <\/p>\n<h2>CAMBIOS EN ESTA POL\u00cdTICA<\/h2>\n<p>Por favor, consulte esta pol\u00edtica de privacidad peri\u00f3dicamente para informarse de cualquier cambio.[\/et_pb_text][\/et_pb_column][\/et_pb_row][\/et_pb_section]<\/p>\n","protected":false},"excerpt":{"rendered":"<p>Pol\u00edtica de Privacidad ericramoslaw.com est\u00e1 comprometido a proteger cualquier informaci\u00f3n personal que usted nos proporcione. En particular, consideramos importante que usted sepa c\u00f3mo tratamos la informaci\u00f3n sobre usted que podamos recibir de este sitio web. INFORMACI\u00d3N RECOPILADA En general, usted puede visitar este sitio web sin indicarnos qui\u00e9n es o revelar informaci\u00f3n sobre usted mismo. [&hellip;]<\/p>\n","protected":false},"author":7,"featured_media":0,"parent":0,"menu_order":0,"comment_status":"closed","ping_status":"closed","template":"","meta":{"_seopress_robots_primary_cat":"","_seopress_titles_title":"Pol\u00edtica de privacidad - Eric Ramos Law, PLLC","_seopress_titles_desc":"Conoce c\u00f3mo Eric Ramos Law protege tu informaci\u00f3n personal. Nuestra Pol\u00edtica de Privacidad detalla c\u00f3mo recopilamos, utilizamos y resguardamos tus datos cuando visitas nuestro sitio web o te comunicas con nuestra firma.","_seopress_robots_index":"yes","_et_pb_use_builder":"on","_et_pb_old_content":"","_et_gb_content_width":"","footnotes":""},"class_list":["post-28138","page","type-page","status-publish"],"_links":{"self":[{"href":"https:\/\/ericramoslaw.com\/es\/wp-json\/wp\/v2\/pages\/28138","targetHints":{"allow":["GET"]}}],"collection":[{"href":"https:\/\/ericramoslaw.com\/es\/wp-json\/wp\/v2\/pages"}],"about":[{"href":"https:\/\/ericramoslaw.com\/es\/wp-json\/wp\/v2\/types\/page"}],"author":[{"embeddable":true,"href":"https:\/\/ericramoslaw.com\/es\/wp-json\/wp\/v2\/users\/7"}],"replies":[{"embeddable":true,"href":"https:\/\/ericramoslaw.com\/es\/wp-json\/wp\/v2\/comments?post=28138"}],"version-history":[{"count":0,"href":"https:\/\/ericramoslaw.com\/es\/wp-json\/wp\/v2\/pages\/28138\/revisions"}],"wp:attachment":[{"href":"https:\/\/ericramoslaw.com\/es\/wp-json\/wp\/v2\/media?parent=28138"}],"curies":[{"name":"wp","href":"https:\/\/api.w.org\/{rel}","templated":true}]}}