{"id":28140,"date":"2017-11-18T16:21:57","date_gmt":"2017-11-18T22:21:57","guid":{"rendered":"https:\/\/ericramoslaw.com\/disclaimer\/"},"modified":"2025-10-20T02:46:39","modified_gmt":"2025-10-20T08:46:39","slug":"aviso-legal","status":"publish","type":"page","link":"https:\/\/ericramoslaw.com\/es\/aviso-legal\/","title":{"rendered":"Aviso legal"},"content":{"rendered":"<p>[et_pb_section fb_built=&#8221;1&#8243; fullwidth=&#8221;on&#8221; _builder_version=&#8221;4.16&#8243; global_colors_info=&#8221;{}&#8221;][et_pb_fullwidth_header background_overlay_color=&#8221;rgba(45,22,0,0.5)&#8221; _builder_version=&#8221;4.16&#8243; title_level=&#8221;h3&#8243; title_font=&#8221;||||||||&#8221; background_color=&#8221;rgba(255, 255, 255, 0)&#8221; background_image=&#8221;https:\/\/ericramoslaw.com\/wp-content\/uploads\/2017\/11\/court-house-pillars-header.jpg&#8221; background_layout=&#8221;light&#8221; custom_margin=&#8221;|||&#8221; custom_padding=&#8221;50px||50px|&#8221; global_colors_info=&#8221;{}&#8221; button_one_text_size__hover_enabled=&#8221;off&#8221; button_two_text_size__hover_enabled=&#8221;off&#8221; button_one_text_color__hover_enabled=&#8221;off&#8221; button_two_text_color__hover_enabled=&#8221;off&#8221; button_one_border_width__hover_enabled=&#8221;off&#8221; button_two_border_width__hover_enabled=&#8221;off&#8221; button_one_border_color__hover_enabled=&#8221;off&#8221; button_two_border_color__hover_enabled=&#8221;off&#8221; button_one_border_radius__hover_enabled=&#8221;off&#8221; button_two_border_radius__hover_enabled=&#8221;off&#8221; button_one_letter_spacing__hover_enabled=&#8221;off&#8221; button_two_letter_spacing__hover_enabled=&#8221;off&#8221; button_one_bg_color__hover_enabled=&#8221;off&#8221; button_two_bg_color__hover_enabled=&#8221;off&#8221;][\/et_pb_fullwidth_header][\/et_pb_section][et_pb_section fb_built=&#8221;1&#8243; _builder_version=&#8221;4.16&#8243; custom_padding=&#8221;0px|0px|0px|0px&#8221; global_colors_info=&#8221;{}&#8221;][et_pb_row use_custom_gutter=&#8221;on&#8221; gutter_width=&#8221;1&#8243; admin_label=&#8221;T\u00edtulo H1&#8243; module_class=&#8221; et_pb_row_fullwidth&#8221; _builder_version=&#8221;4.16&#8243; background_color=&#8221;#9d8e83&#8243; width=&#8221;100%&#8221; width_tablet=&#8221;100%&#8221; width_phone=&#8221;&#8221; width_last_edited=&#8221;on|desktop&#8221; max_width=&#8221;100%&#8221; max_width_tablet=&#8221;100%&#8221; max_width_phone=&#8221;&#8221; max_width_last_edited=&#8221;on|desktop&#8221; module_alignment=&#8221;center&#8221; custom_margin=&#8221;|||&#8221; custom_padding=&#8221;25.5938px|0px|14px|0px&#8221; box_shadow_style=&#8221;preset2&#8243; make_fullwidth=&#8221;on&#8221; global_colors_info=&#8221;{}&#8221;][et_pb_column type=&#8221;4_4&#8243; _builder_version=&#8221;4.16&#8243; custom_padding=&#8221;|||&#8221; global_colors_info=&#8221;{}&#8221; custom_padding__hover=&#8221;|||&#8221;][et_pb_text _builder_version=&#8221;4.16&#8243; text_font=&#8221;||||||||&#8221; text_text_color=&#8221;#ffffff&#8221; ul_font=&#8221;||||||||&#8221; header_font=&#8221;||||||||&#8221; header_text_color=&#8221;#ffffff&#8221; header_font_size=&#8221;42px&#8221; header_line_height=&#8221;0.5em&#8221; header_2_font=&#8221;||||||||&#8221; header_3_font=&#8221;||||||||&#8221; header_5_font=&#8221;||||||||&#8221; text_orientation=&#8221;center&#8221; module_alignment=&#8221;center&#8221; custom_margin=&#8221;|||&#8221; custom_padding=&#8221;|||&#8221; global_colors_info=&#8221;{}&#8221;]<\/p>\n<h1>Aviso legal<\/h1>\n<p>[\/et_pb_text][\/et_pb_column][\/et_pb_row][et_pb_row _builder_version=&#8221;4.16&#8243; custom_padding=&#8221;60px|0px|60px|0px&#8221; global_colors_info=&#8221;{}&#8221;][et_pb_column type=&#8221;4_4&#8243; _builder_version=&#8221;4.16&#8243; custom_padding=&#8221;|||&#8221; global_colors_info=&#8221;{}&#8221; custom_padding__hover=&#8221;|||&#8221;][et_pb_text _builder_version=&#8221;4.16&#8243; global_colors_info=&#8221;{}&#8221;]<\/p>\n<p>La informaci\u00f3n contenida en este sitio web se proporciona \u00fanicamente con fines informativos y no debe interpretarse como asesoramiento jur\u00eddico sobre ninguna materia. Ning\u00fan destinatario del contenido de este sitio, ya sean clientes o no, debe actuar o abstenerse de actuar bas\u00e1ndose en cualquier contenido incluido en el sitio sin buscar el asesoramiento legal u otro tipo de asesoramiento profesional apropiado sobre los hechos y circunstancias particulares de su caso por parte de un abogado autorizado en el estado del destinatario. El contenido de este sitio web contiene informaci\u00f3n general y es posible que no refleje los desarrollos legales, veredictos o acuerdos actuales. Eric Ramos Law, PLLC (La Firma) declina expresamente toda responsabilidad con respecto a las acciones tomadas o no tomadas basadas en todo o parte del contenido de este sitio web.   <\/p>\n<p>Cualquier informaci\u00f3n enviada a La Firma por correo electr\u00f3nico de Internet o a trav\u00e9s del sitio web no es segura y se realiza de forma no confidencial. La transmisi\u00f3n de informaci\u00f3n desde este sitio web no crea una relaci\u00f3n abogado-cliente entre usted y La Firma, ni pretende hacerlo. La transmisi\u00f3n del sitio web, en parte o en su totalidad, y\/o cualquier comunicaci\u00f3n con nosotros a trav\u00e9s del correo electr\u00f3nico de Internet a trav\u00e9s de este sitio no constituye ni crea una relaci\u00f3n abogado-cliente entre nosotros y ning\u00fan destinatario.  <\/p>\n<p>Algunos enlaces dentro del sitio web pueden conducir a otros sitios web, incluidos los operados y mantenidos por terceros. La Firma incluye estos enlaces \u00fanicamente como una conveniencia para usted, y la presencia de dicho enlace no implica una responsabilidad por el sitio enlazado ni un respaldo del sitio enlazado, su operador o sus contenidos. <\/p>\n<p>Este sitio web y sus contenidos se proporcionan \u201cTAL CUAL\u201d sin garant\u00eda de ning\u00fan tipo, ya sea expresa o impl\u00edcita, incluyendo, pero no limit\u00e1ndose a, las garant\u00edas impl\u00edcitas de comerciabilidad, idoneidad para un prop\u00f3sito particular o no infracci\u00f3n.<\/p>\n<p>Adem\u00e1s, La Firma no desea representar a nadie que desee representaci\u00f3n bas\u00e1ndose en la visualizaci\u00f3n de este sitio web en un estado donde este sitio web no cumpla con todas las leyes y normas \u00e9ticas de ese estado.<\/p>\n<p>Queda prohibida la reproducci\u00f3n, distribuci\u00f3n, republicaci\u00f3n y\/o retransmisi\u00f3n del material contenido en el sitio web de La Firma, a menos que se haya obtenido el permiso previo por escrito de La Firma.<\/p>\n<p>[\/et_pb_text][\/et_pb_column][\/et_pb_row][\/et_pb_section]<\/p>\n","protected":false},"excerpt":{"rendered":"<p>Aviso legal La informaci\u00f3n contenida en este sitio web se proporciona \u00fanicamente con fines informativos y no debe interpretarse como asesoramiento jur\u00eddico sobre ninguna materia. Ning\u00fan destinatario del contenido de este sitio, ya sean clientes o no, debe actuar o abstenerse de actuar bas\u00e1ndose en cualquier contenido incluido en el sitio sin buscar el asesoramiento [&hellip;]<\/p>\n","protected":false},"author":7,"featured_media":0,"parent":0,"menu_order":0,"comment_status":"closed","ping_status":"closed","template":"","meta":{"_seopress_robots_primary_cat":"","_seopress_titles_title":"","_seopress_titles_desc":"Lee el aviso legal de Eric Ramos Law para conocer nuestros t\u00e9rminos de uso, pol\u00edticas de privacidad, limitaciones de responsabilidad y derechos legales. Nuestro compromiso es brindarte transparencia, confianza y claridad en cada etapa de tu caso. \u00bfTienes preguntas legales o necesitas asesor\u00eda personalizada? Cont\u00e1ctanos hoy mismo y habla con un abogado que se preocupa por ti.","_seopress_robots_index":"","_et_pb_use_builder":"on","_et_pb_old_content":"","_et_gb_content_width":"","footnotes":""},"class_list":["post-28140","page","type-page","status-publish"],"_links":{"self":[{"href":"https:\/\/ericramoslaw.com\/es\/wp-json\/wp\/v2\/pages\/28140","targetHints":{"allow":["GET"]}}],"collection":[{"href":"https:\/\/ericramoslaw.com\/es\/wp-json\/wp\/v2\/pages"}],"about":[{"href":"https:\/\/ericramoslaw.com\/es\/wp-json\/wp\/v2\/types\/page"}],"author":[{"embeddable":true,"href":"https:\/\/ericramoslaw.com\/es\/wp-json\/wp\/v2\/users\/7"}],"replies":[{"embeddable":true,"href":"https:\/\/ericramoslaw.com\/es\/wp-json\/wp\/v2\/comments?post=28140"}],"version-history":[{"count":0,"href":"https:\/\/ericramoslaw.com\/es\/wp-json\/wp\/v2\/pages\/28140\/revisions"}],"wp:attachment":[{"href":"https:\/\/ericramoslaw.com\/es\/wp-json\/wp\/v2\/media?parent=28140"}],"curies":[{"name":"wp","href":"https:\/\/api.w.org\/{rel}","templated":true}]}}