{"id":3481,"date":"2017-12-06T10:09:45","date_gmt":"2017-12-06T16:09:45","guid":{"rendered":"http:\/\/ericramoslaw.com\/gracias\/"},"modified":"2025-02-19T07:41:54","modified_gmt":"2025-02-19T13:41:54","slug":"thank-you","status":"publish","type":"page","link":"https:\/\/ericramoslaw.com\/es\/thank-you\/","title":{"rendered":"Gracias"},"content":{"rendered":"<p>[et_pb_section fb_built=&#8221;1&#8243; fullwidth=&#8221;on&#8221; _builder_version=&#8221;3.0.87&#8243;][et_pb_fullwidth_header background_overlay_color=&#8221;rgba(45,22,0,0.5)&#8221; _builder_version=&#8221;3.0.87&#8243; title_level=&#8221;h3&#8243; title_font=&#8221;||||||||&#8221; background_image=&#8221;https:\/\/ericramoslaw.com\/wp-content\/uploads\/2017\/11\/court-house-pillars-header.jpg&#8221; custom_margin=&#8221;|||&#8221; custom_padding=&#8221;50px||50px|&#8221;][\/et_pb_fullwidth_header][\/et_pb_section][et_pb_section fb_built=&#8221;1&#8243; _builder_version=&#8221;3.0.47&#8243; custom_padding=&#8221;0px|0px|0px|0px&#8221;][et_pb_row make_fullwidth=&#8221;on&#8221; use_custom_gutter=&#8221;on&#8221; gutter_width=&#8221;1&#8243; custom_padding=&#8221;25.5938px|0px|0px|0px&#8221; custom_margin=&#8221;|||&#8221; background_color=&#8221;#9d8e83&#8243; use_background_color_gradient_1=&#8221;off&#8221; background_color_gradient_start_1=&#8221;#2b87da&#8221; background_color_gradient_end_1=&#8221;#29c4a9&#8243; admin_label=&#8221;H1 Title&#8221; _builder_version=&#8221;3.0.83&#8243; module_alignment=&#8221;center&#8221; box_shadow_style=&#8221;preset2&#8243;][et_pb_column type=&#8221;4_4&#8243; _builder_version=&#8221;3.0.47&#8243; parallax=&#8221;off&#8221; parallax_method=&#8221;on&#8221; use_background_color_gradient=&#8221;off&#8221; background_color_gradient_start=&#8221;#2b87da&#8221; background_color_gradient_end=&#8221;#29c4a9&#8243;][et_pb_text _builder_version=&#8221;3.0.90&#8243; text_font=&#8221;||||||||&#8221; text_text_color=&#8221;#ffffff&#8221; ul_font=&#8221;||||||||&#8221; header_font=&#8221;Droid Serif||||||||&#8221; header_font_size=&#8221;42px&#8221; header_text_color=&#8221;#ffffff&#8221; header_line_height=&#8221;0.5em&#8221; header_2_font=&#8221;||||||||&#8221; header_3_font=&#8221;||||||||&#8221; header_5_font=&#8221;||||||||&#8221; text_orientation=&#8221;center&#8221; module_alignment=&#8221;center&#8221; custom_margin=&#8221;|||&#8221; custom_padding=&#8221;||15px|&#8221;]<\/p>\n<h1>\u00a1Gracias!<br \/>\n<\/h1>\n<p>[\/et_pb_text][\/et_pb_column][\/et_pb_row][et_pb_row custom_padding=&#8221;60px|0px|25.5938px|0px&#8221; _builder_version=&#8221;3.0.90&#8243;][et_pb_column type=&#8221;4_4&#8243; _builder_version=&#8221;3.0.87&#8243; parallax=&#8221;off&#8221; parallax_method=&#8221;on&#8221;][et_pb_text _builder_version=&#8221;3.0.90&#8243;]<\/p>\n<p>Gracias por contactar a la Oficina de Abogados de Eric Ramos. Hemos recibido su informaci\u00f3n y ya la estamos revisando. No se sorprenda si nos contactamos r\u00e1pidamente. Estamos ansiosos por comenzar.<\/p>\n<p>Si esto es una necesidad inmediata, ll\u00e1menos al <span style=\"color: #003366;\"><strong>(210) 404-4878<\/strong><\/span>.<\/p>\n<p>S\u00edganos en las redes sociales para obtener m\u00e1s informaci\u00f3n y actualizaciones sobre la empresa.<\/p>\n<p>[\/et_pb_text][et_pb_social_media_follow url_new_window=&#8221;off&#8221; _builder_version=&#8221;3.0.90&#8243; text_orientation=&#8221;center&#8221; custom_margin=&#8221;30px|||&#8221; saved_tabs=&#8221;all&#8221;][et_pb_social_media_follow_network social_network=&#8221;facebook&#8221; url=&#8221;https:\/\/www.facebook.com\/ericramoslaw&#8221; _builder_version=&#8221;3.0.89&#8243; background_color=&#8221;#3b5998&#8243; follow_button=&#8221;off&#8221; url_new_window=&#8221;off&#8221;]facebook[\/et_pb_social_media_follow_network][et_pb_social_media_follow_network social_network=&#8221;twitter&#8221; url=&#8221;https:\/\/twitter.com\/ericramoslaw&#8221; _builder_version=&#8221;3.0.89&#8243; background_color=&#8221;#00aced&#8221; follow_button=&#8221;off&#8221; url_new_window=&#8221;off&#8221;]twitter[\/et_pb_social_media_follow_network][et_pb_social_media_follow_network social_network=&#8221;google-plus&#8221; _builder_version=&#8221;3.0.89&#8243; background_color=&#8221;#dd4b39&#8243; follow_button=&#8221;off&#8221; url_new_window=&#8221;off&#8221;]google-plus[\/et_pb_social_media_follow_network][et_pb_social_media_follow_network social_network=&#8221;linkedin&#8221; url=&#8221;http:\/\/www.linkedin.com\/in\/ericramoslaw&#8221; _builder_version=&#8221;3.0.89&#8243; background_color=&#8221;#007bb6&#8243; follow_button=&#8221;off&#8221; url_new_window=&#8221;off&#8221;]linkedin[\/et_pb_social_media_follow_network][\/et_pb_social_media_follow][et_pb_social_media_follow _builder_version=&#8221;3.0.90&#8243;][\/et_pb_social_media_follow][\/et_pb_column][\/et_pb_row][\/et_pb_section]<\/p>\n","protected":false},"excerpt":{"rendered":"<p>\u00a1Gracias! Gracias por contactar a la Oficina de Abogados de Eric Ramos. Hemos recibido su informaci\u00f3n y ya la estamos revisando. No se sorprenda si nos contactamos r\u00e1pidamente. Estamos ansiosos por comenzar. Si esto es una necesidad inmediata, ll\u00e1menos al (210) 404-4878. S\u00edganos en las redes sociales para obtener m\u00e1s informaci\u00f3n y actualizaciones sobre la [&hellip;]<\/p>\n","protected":false},"author":7,"featured_media":0,"parent":0,"menu_order":0,"comment_status":"closed","ping_status":"closed","template":"","meta":{"_seopress_robots_primary_cat":"","_seopress_titles_title":"","_seopress_titles_desc":"","_seopress_robots_index":"s\u00ed","_et_pb_use_builder":"on","_et_pb_old_content":"","_et_gb_content_width":"","footnotes":""},"class_list":["post-3481","page","type-page","status-publish"],"_links":{"self":[{"href":"https:\/\/ericramoslaw.com\/es\/wp-json\/wp\/v2\/pages\/3481","targetHints":{"allow":["GET"]}}],"collection":[{"href":"https:\/\/ericramoslaw.com\/es\/wp-json\/wp\/v2\/pages"}],"about":[{"href":"https:\/\/ericramoslaw.com\/es\/wp-json\/wp\/v2\/types\/page"}],"author":[{"embeddable":true,"href":"https:\/\/ericramoslaw.com\/es\/wp-json\/wp\/v2\/users\/7"}],"replies":[{"embeddable":true,"href":"https:\/\/ericramoslaw.com\/es\/wp-json\/wp\/v2\/comments?post=3481"}],"version-history":[{"count":0,"href":"https:\/\/ericramoslaw.com\/es\/wp-json\/wp\/v2\/pages\/3481\/revisions"}],"wp:attachment":[{"href":"https:\/\/ericramoslaw.com\/es\/wp-json\/wp\/v2\/media?parent=3481"}],"curies":[{"name":"wp","href":"https:\/\/api.w.org\/{rel}","templated":true}]}}